{"id":100,"date":"2019-11-27T17:07:15","date_gmt":"2019-11-27T17:07:15","guid":{"rendered":"https:\/\/metodoformacion.com\/blog\/?page_id=100"},"modified":"2019-12-05T15:39:59","modified_gmt":"2019-12-05T15:39:59","slug":"politica-de-cookies","status":"publish","type":"page","link":"https:\/\/metodoformacion.com\/blog\/politica-de-cookies\/","title":{"rendered":"Pol\u00edtica de cookies"},"content":{"rendered":"<h1>Grupo M\u00e9todo<\/h1>\n<h2>Pol\u00edtica de cookies<\/h2>\n<p><b>Datos obtenidos a trav\u00e9s de las Cookies.<\/b><\/p>\n<p><b>M\u00e9todo<\/b> utiliza cookies para poder conocer las preferencias de los usuarios y as\u00ed optimizar la presentaci\u00f3n de la web.<\/p>\n<p>Las cookies son peque\u00f1os archivos que se almacenan temporalmente en el disco duro. Las cookies facilitan informaci\u00f3n sobre la navegaci\u00f3n y ayudan a que el usuario alcance un alto grado de satisfacci\u00f3n, as\u00ed mismo nos ayudan a identificar las secciones m\u00e1s visitadas de la web.<\/p>\n<p>De este modo podemos adaptar a las necesidades del Usuario los contenidos de la web de manera precisa. Las cookies tambi\u00e9n nos permiten saber si nuestra web ya ha sido visitado por el Usuario, la informaci\u00f3n que sobre usted genera la cookie, s\u00f3lo se almacenan si usted lo permite.<\/p>\n<p>Hoy en d\u00eda todos los navegadores permiten evitar el almacenamiento de cookies en su disco duro mediante la opci\u00f3n de \u00abno aceptar cookies\u00bb.<\/p>\n<p>Tambi\u00e9n puede eliminar las cookies almacenadas en su ordenador en cualquier momento. El hecho de aceptar o no las cookies es responsabilidad suya, y la navegaci\u00f3n por la web se puede ver afectada tan s\u00f3lo en usabilidad.<\/p>\n<p><b>Este sitio web puede utilizar las siguientes cookies:<\/b><\/p>\n<p><b>Cookies de navegaci\u00f3n<\/b><\/p>\n<p>El objetivo principal de las cookies de navegaci\u00f3n es evitar ofrecerles recomendaciones no afines a sus intereses y ofrecerles propuestas comerciales dirigidas y personalizadas. Estas cookies de navegaci\u00f3n basan su utilidad en el seguimiento temporal de la navegaci\u00f3n por Internet. El Usuario tiene la posibilidad de eliminar este tipo de cookies antes de iniciar la navegaci\u00f3n por otras p\u00e1ginas del sitio web.<\/p>\n<p><b>Cookies estad\u00edsticas<\/b><\/p>\n<p>Las cookies estad\u00edsticas permiten conocer la siguiente informaci\u00f3n:<\/p>\n<ul>\n<li>La forma de interactuar los usuarios en el sitio web<\/li>\n<li>Recopila informaci\u00f3n de forma an\u00f3nima.<\/li>\n<li>Elabora informes de tendencias de sitios web sin identificar a usuarios individuales.<\/li>\n<li>Para realizar las estad\u00edsticas de uso de nuestro sitio web utilizamos herramientas estad\u00edsticas con un alcance limitado a las funciones descritas en el p\u00e1rrafo anterior y con la finalidad de conocer el nivel de recurrencia de nuestros visitantes y los contenidos que resultan m\u00e1s interesantes. De esta manera podemos concentrar nuestros esfuerzos en mejorar las \u00e1reas m\u00e1s visitadas y hacer que el usuario encuentre m\u00e1s f\u00e1cilmente lo que busca.<\/li>\n<\/ul>\n<p><b>Cookies de terceros<\/b><\/p>\n<p>En determinadas ocasiones podemos ofrecer a trav\u00e9s de nuestra p\u00e1gina Web contenidos de terceros, por ejemplo, de la red social Facebook. \u00c9stos terceros pueden instalar cookies que escapan de nuestro control.<\/p>\n<p><b>A continuaci\u00f3n las Cookies que utiliza Grupo M\u00e9todo:<\/b><\/p>\n<table style=\"width: 100%; max-width: 100%; margin-bottom: 20px;\">\n<tbody>\n<tr style=\"background: #e8e8e8;\">\n<th>Cookie<\/th>\n<th>Referencia a<\/th>\n<th>Caducidad<\/th>\n<\/tr>\n<tr>\n<td>1P_JAR<\/td>\n<td>Tranfiere datos a google.com<\/td>\n<td>1 semana<\/td>\n<\/tr>\n<tr>\n<td>APISID<\/td>\n<td>Utilizado por Google.com para almacenar preferencias del usuario con Google Maps<\/td>\n<td>365 d\u00edas<\/td>\n<\/tr>\n<tr>\n<td>APISID<\/td>\n<td>Utilizado por Google.es para almacenar preferencias del usuario con Google Map<\/td>\n<td>365 d\u00edas<\/td>\n<\/tr>\n<tr>\n<td>BizoID<\/td>\n<td>Esta es una cookie de Microsoft MSN 1st party para habilitar contenido basado en usuarios.<\/td>\n<td>365 d\u00edas<\/td>\n<\/tr>\n<tr>\n<td>CONSENT<\/td>\n<td>Consentimiento google.es<\/td>\n<td>variable<\/td>\n<\/tr>\n<tr>\n<td>CONSENT<\/td>\n<td>Consentimiento google google.com<\/td>\n<td>variable<\/td>\n<\/tr>\n<tr>\n<td>DSID<\/td>\n<td>Google AdManager .doubleclick.net<\/td>\n<td>variable<\/td>\n<\/tr>\n<tr>\n<td>DV<\/td>\n<td>Sesi\u00f3n www.google.com<\/td>\n<td>variable<\/td>\n<\/tr>\n<tr>\n<td>HSID<\/td>\n<td>Sesi\u00f3n google.com<\/td>\n<td>variable<\/td>\n<\/tr>\n<tr>\n<td>HSID<\/td>\n<td>Sesi\u00f3n google.es<\/td>\n<td>Variable<\/td>\n<\/tr>\n<tr>\n<td>IDE<\/td>\n<td>Google AdManager doubleclick.net<\/td>\n<td>365 d\u00edas<\/td>\n<\/tr>\n<tr>\n<td>NID<\/td>\n<td>Sesi\u00f3n google.es<\/td>\n<td>365 d\u00edas<\/td>\n<\/tr>\n<tr>\n<td>NID<\/td>\n<td>Sesi\u00f3n google.com<\/td>\n<td>365 d\u00edas<\/td>\n<\/tr>\n<tr>\n<td>PHPSESSID<\/td>\n<td>Sesi\u00f3n www.metodogrupo.com<\/td>\n<td>variable<\/td>\n<\/tr>\n<tr>\n<td>SAPISID<\/td>\n<td>Sesi\u00f3n google.com<\/td>\n<td>variable<\/td>\n<\/tr>\n<tr>\n<td>SAPISID<\/td>\n<td>Al crear o iniciar sesi\u00f3n en una cuenta de Google se almacenan las cookies<\/td>\n<td>2 a\u00f1os<\/td>\n<\/tr>\n<tr>\n<td>SID<\/td>\n<td>Al crear o iniciar sesi\u00f3n en una cuenta de Google se almacenan las cookies<\/td>\n<td>2 a\u00f1os<\/td>\n<\/tr>\n<tr>\n<td>SID<\/td>\n<td>Al crear o iniciar sesi\u00f3n en una cuenta de Google se almacenan las cookies<\/td>\n<td>2 a\u00f1os<\/td>\n<\/tr>\n<tr>\n<td>SIDCC<\/td>\n<td>Google almacena las cookies<\/td>\n<td>2 a\u00f1os<\/td>\n<\/tr>\n<tr>\n<td>SSID<\/td>\n<td>Google establece un n\u00famero de cookies en cualquier p\u00e1gina que incluye un mapa de Google.<\/td>\n<td>2 a\u00f1os<\/td>\n<\/tr>\n<tr>\n<td>SSID<\/td>\n<td>Google establece un n\u00famero de cookies en cualquier p\u00e1gina que incluye un mapa de Google.<\/td>\n<td>2 a\u00f1os<\/td>\n<\/tr>\n<tr>\n<td>UserMatchHistory<\/td>\n<td>No clasificado<\/td>\n<td>179 d\u00edas<\/td>\n<\/tr>\n<tr>\n<td>__cfduid<\/td>\n<td>Utilizada por la red de contenido, Cloudflare, para identificar tr\u00e1fico web de confianza<\/td>\n<td>1 a\u00f1o<\/td>\n<\/tr>\n<tr>\n<td>__zlcmid<\/td>\n<td>Mantiene la configuraci\u00f3n de la configuraci\u00f3n del usuario a trav\u00e9s de solicitudes de p\u00e1gina<\/td>\n<td>1 a\u00f1o<\/td>\n<\/tr>\n<tr>\n<td>_ga<\/td>\n<td>Registra una identificaci\u00f3n y genera datos estad\u00edsticos acerca de c\u00f3mo utiliza el visitante el sitio web<\/td>\n<td>13 meses<\/td>\n<\/tr>\n<tr>\n<td>_gat<\/td>\n<td>Utilizado por Google Analytics para controlar la tasa de peticiones<\/td>\n<td>Sesi\u00f3n<\/td>\n<\/tr>\n<tr>\n<td>_gid<\/td>\n<td>Registra una identificaci\u00f3n y genera datos estad\u00edsticos acerca de c\u00f3mo utiliza el visitante el sitio web<\/td>\n<td>Sesi\u00f3n<\/td>\n<\/tr>\n<tr>\n<td>bcookie<\/td>\n<td>Utilizada por el servicio de networking social LinkedIn<\/td>\n<td>2 a\u00f1os<\/td>\n<\/tr>\n<tr>\n<td>fr<\/td>\n<td>Utilizada por Facebook para proporcionar una serie de productos publicitarios<\/td>\n<td>3 meses<\/td>\n<\/tr>\n<tr>\n<td>lang<\/td>\n<td>Recuerda el idioma seleccionado por un usuario<\/td>\n<td>Sesi\u00f3n<\/td>\n<\/tr>\n<tr>\n<td>lang<\/td>\n<td>Recuerda el idioma seleccionado por un usuario<\/td>\n<td>Sesi\u00f3n<\/td>\n<\/tr>\n<tr>\n<td>lidc<\/td>\n<td>Utilizada por el servicio de networking social LinkedIn<\/td>\n<td>Sesi\u00f3n<\/td>\n<\/tr>\n<\/tbody>\n<\/table>\n<p><b>Gesti\u00f3n de cookies<\/b><\/p>\n<p>El Usuario tiene la posibilidad de configurar su navegador para aceptar o rechazar por defecto todas las cookies o para recibir un aviso en pantalla de la recepci\u00f3n de cada cookie y decidir en ese momento su implantaci\u00f3n o no en su disco duro.<\/p>\n<p>Sin perjuicio de lo anterior, tenga en cuenta que la deshabilitaci\u00f3n de las mismas podr\u00eda afectar al correcto funcionamiento de determinadas secciones del sitio Web.<\/p>\n<p>\u00a0<\/p>\n<p><b>\u00bfC\u00f3mo puedo desactivar o eliminar las cookies?<\/b><\/p>\n<p><b>Internet Explorer:<\/b> Herramientas -&gt; Opciones de Internet -&gt; Privacidad -&gt; Configuraci\u00f3n. Para m\u00e1s informaci\u00f3n, puede consultar el soporte de Microsoft o la Ayuda del navegador.<\/p>\n<p><b>Firefox:<\/b> Herramientas -&gt; Opciones -&gt; Privacidad -&gt; Historial -&gt; Configuraci\u00f3n Personalizada. Para m\u00e1s informaci\u00f3n, puede consultar el soporte de Mozilla o la Ayuda del navegador.<\/p>\n<p><b>Chrome:<\/b> Configuraci\u00f3n -&gt; Mostrar opciones avanzadas -&gt; Privacidad -&gt; Configuraci\u00f3n de contenido. Para m\u00e1s informaci\u00f3n, puede consultar el soporte de Google o la Ayuda del navegador.<\/p>\n<p><b>Safari:<\/b> Preferencias -&gt; Seguridad. Para m\u00e1s informaci\u00f3n, puede consultar el soporte de Apple o la Ayuda del navegador.<\/p>\n","protected":false},"excerpt":{"rendered":"<p>Grupo M\u00e9todo Pol\u00edtica de cookies Datos obtenidos a trav\u00e9s de las Cookies. M\u00e9todo utiliza cookies para poder conocer las preferencias de los usuarios y as\u00ed optimizar la presentaci\u00f3n de la web. Las cookies son peque\u00f1os archivos que se almacenan temporalmente en el disco duro. Las cookies facilitan informaci\u00f3n sobre la navegaci\u00f3n y ayudan a que [&hellip;]<\/p>\n","protected":false},"author":1,"featured_media":0,"parent":0,"menu_order":0,"comment_status":"closed","ping_status":"closed","template":"","meta":{"_monsterinsights_skip_tracking":false,"_monsterinsights_sitenote_active":false,"_monsterinsights_sitenote_note":"","_monsterinsights_sitenote_category":0},"yoast_head":"<!-- This site is optimized with the Yoast SEO plugin v19.14 - https:\/\/yoast.com\/wordpress\/plugins\/seo\/ -->\n<title>Pol\u00edtica de cookies | Blog sobre formaci\u00f3n subvencionada y empleo<\/title>\n<meta name=\"robots\" content=\"index, follow, max-snippet:-1, max-image-preview:large, max-video-preview:-1\" \/>\n<link rel=\"canonical\" href=\"https:\/\/metodoformacion.com\/blog\/politica-de-cookies\/\" \/>\n<meta property=\"og:locale\" content=\"es_ES\" \/>\n<meta property=\"og:type\" content=\"article\" \/>\n<meta property=\"og:title\" content=\"Pol\u00edtica de cookies | Blog sobre formaci\u00f3n subvencionada y empleo\" \/>\n<meta property=\"og:description\" content=\"Grupo M\u00e9todo Pol\u00edtica de cookies Datos obtenidos a trav\u00e9s de las Cookies. M\u00e9todo utiliza cookies para poder conocer las preferencias de los usuarios y as\u00ed optimizar la presentaci\u00f3n de la web. Las cookies son peque\u00f1os archivos que se almacenan temporalmente en el disco duro. Las cookies facilitan informaci\u00f3n sobre la navegaci\u00f3n y ayudan a que [&hellip;]\" \/>\n<meta property=\"og:url\" content=\"https:\/\/metodoformacion.com\/blog\/politica-de-cookies\/\" \/>\n<meta property=\"og:site_name\" content=\"Blog sobre formaci\u00f3n subvencionada y empleo\" \/>\n<meta property=\"article:modified_time\" content=\"2019-12-05T15:39:59+00:00\" \/>\n<meta name=\"twitter:card\" content=\"summary_large_image\" \/>\n<meta name=\"twitter:label1\" content=\"Tiempo de lectura\" \/>\n\t<meta name=\"twitter:data1\" content=\"5 minutos\" \/>\n<script type=\"application\/ld+json\" class=\"yoast-schema-graph\">{\"@context\":\"https:\/\/schema.org\",\"@graph\":[{\"@type\":\"WebPage\",\"@id\":\"https:\/\/metodoformacion.com\/blog\/politica-de-cookies\/\",\"url\":\"https:\/\/metodoformacion.com\/blog\/politica-de-cookies\/\",\"name\":\"Pol\u00edtica de cookies | Blog sobre formaci\u00f3n subvencionada y empleo\",\"isPartOf\":{\"@id\":\"https:\/\/metodoformacion.com\/blog\/#website\"},\"datePublished\":\"2019-11-27T17:07:15+00:00\",\"dateModified\":\"2019-12-05T15:39:59+00:00\",\"breadcrumb\":{\"@id\":\"https:\/\/metodoformacion.com\/blog\/politica-de-cookies\/#breadcrumb\"},\"inLanguage\":\"es\",\"potentialAction\":[{\"@type\":\"ReadAction\",\"target\":[\"https:\/\/metodoformacion.com\/blog\/politica-de-cookies\/\"]}]},{\"@type\":\"BreadcrumbList\",\"@id\":\"https:\/\/metodoformacion.com\/blog\/politica-de-cookies\/#breadcrumb\",\"itemListElement\":[{\"@type\":\"ListItem\",\"position\":1,\"name\":\"Inicio\",\"item\":\"https:\/\/metodoformacion.com\/blog\/\"},{\"@type\":\"ListItem\",\"position\":2,\"name\":\"Pol\u00edtica de cookies\"}]},{\"@type\":\"WebSite\",\"@id\":\"https:\/\/metodoformacion.com\/blog\/#website\",\"url\":\"https:\/\/metodoformacion.com\/blog\/\",\"name\":\"Blog sobre formaci\u00f3n subvencionada y empleo\",\"description\":\"\",\"publisher\":{\"@id\":\"https:\/\/metodoformacion.com\/blog\/#organization\"},\"potentialAction\":[{\"@type\":\"SearchAction\",\"target\":{\"@type\":\"EntryPoint\",\"urlTemplate\":\"https:\/\/metodoformacion.com\/blog\/?s={search_term_string}\"},\"query-input\":\"required name=search_term_string\"}],\"inLanguage\":\"es\"},{\"@type\":\"Organization\",\"@id\":\"https:\/\/metodoformacion.com\/blog\/#organization\",\"name\":\"Grupo M\u00e9todo\",\"url\":\"https:\/\/metodoformacion.com\/blog\/\",\"logo\":{\"@type\":\"ImageObject\",\"inLanguage\":\"es\",\"@id\":\"https:\/\/metodoformacion.com\/blog\/#\/schema\/logo\/image\/\",\"url\":\"https:\/\/metodoformacion.com\/blog\/wp-content\/uploads\/2019\/12\/logo-transparente.png\",\"contentUrl\":\"https:\/\/metodoformacion.com\/blog\/wp-content\/uploads\/2019\/12\/logo-transparente.png\",\"width\":160,\"height\":70,\"caption\":\"Grupo M\u00e9todo\"},\"image\":{\"@id\":\"https:\/\/metodoformacion.com\/blog\/#\/schema\/logo\/image\/\"}}]}<\/script>\n<!-- \/ Yoast SEO plugin. -->","yoast_head_json":{"title":"Pol\u00edtica de cookies | Blog sobre formaci\u00f3n subvencionada y empleo","robots":{"index":"index","follow":"follow","max-snippet":"max-snippet:-1","max-image-preview":"max-image-preview:large","max-video-preview":"max-video-preview:-1"},"canonical":"https:\/\/metodoformacion.com\/blog\/politica-de-cookies\/","og_locale":"es_ES","og_type":"article","og_title":"Pol\u00edtica de cookies | Blog sobre formaci\u00f3n subvencionada y empleo","og_description":"Grupo M\u00e9todo Pol\u00edtica de cookies Datos obtenidos a trav\u00e9s de las Cookies. M\u00e9todo utiliza cookies para poder conocer las preferencias de los usuarios y as\u00ed optimizar la presentaci\u00f3n de la web. Las cookies son peque\u00f1os archivos que se almacenan temporalmente en el disco duro. Las cookies facilitan informaci\u00f3n sobre la navegaci\u00f3n y ayudan a que [&hellip;]","og_url":"https:\/\/metodoformacion.com\/blog\/politica-de-cookies\/","og_site_name":"Blog sobre formaci\u00f3n subvencionada y empleo","article_modified_time":"2019-12-05T15:39:59+00:00","twitter_card":"summary_large_image","twitter_misc":{"Tiempo de lectura":"5 minutos"},"schema":{"@context":"https:\/\/schema.org","@graph":[{"@type":"WebPage","@id":"https:\/\/metodoformacion.com\/blog\/politica-de-cookies\/","url":"https:\/\/metodoformacion.com\/blog\/politica-de-cookies\/","name":"Pol\u00edtica de cookies | Blog sobre formaci\u00f3n subvencionada y empleo","isPartOf":{"@id":"https:\/\/metodoformacion.com\/blog\/#website"},"datePublished":"2019-11-27T17:07:15+00:00","dateModified":"2019-12-05T15:39:59+00:00","breadcrumb":{"@id":"https:\/\/metodoformacion.com\/blog\/politica-de-cookies\/#breadcrumb"},"inLanguage":"es","potentialAction":[{"@type":"ReadAction","target":["https:\/\/metodoformacion.com\/blog\/politica-de-cookies\/"]}]},{"@type":"BreadcrumbList","@id":"https:\/\/metodoformacion.com\/blog\/politica-de-cookies\/#breadcrumb","itemListElement":[{"@type":"ListItem","position":1,"name":"Inicio","item":"https:\/\/metodoformacion.com\/blog\/"},{"@type":"ListItem","position":2,"name":"Pol\u00edtica de cookies"}]},{"@type":"WebSite","@id":"https:\/\/metodoformacion.com\/blog\/#website","url":"https:\/\/metodoformacion.com\/blog\/","name":"Blog sobre formaci\u00f3n subvencionada y empleo","description":"","publisher":{"@id":"https:\/\/metodoformacion.com\/blog\/#organization"},"potentialAction":[{"@type":"SearchAction","target":{"@type":"EntryPoint","urlTemplate":"https:\/\/metodoformacion.com\/blog\/?s={search_term_string}"},"query-input":"required name=search_term_string"}],"inLanguage":"es"},{"@type":"Organization","@id":"https:\/\/metodoformacion.com\/blog\/#organization","name":"Grupo M\u00e9todo","url":"https:\/\/metodoformacion.com\/blog\/","logo":{"@type":"ImageObject","inLanguage":"es","@id":"https:\/\/metodoformacion.com\/blog\/#\/schema\/logo\/image\/","url":"https:\/\/metodoformacion.com\/blog\/wp-content\/uploads\/2019\/12\/logo-transparente.png","contentUrl":"https:\/\/metodoformacion.com\/blog\/wp-content\/uploads\/2019\/12\/logo-transparente.png","width":160,"height":70,"caption":"Grupo M\u00e9todo"},"image":{"@id":"https:\/\/metodoformacion.com\/blog\/#\/schema\/logo\/image\/"}}]}},"_links":{"self":[{"href":"https:\/\/metodoformacion.com\/blog\/wp-json\/wp\/v2\/pages\/100"}],"collection":[{"href":"https:\/\/metodoformacion.com\/blog\/wp-json\/wp\/v2\/pages"}],"about":[{"href":"https:\/\/metodoformacion.com\/blog\/wp-json\/wp\/v2\/types\/page"}],"author":[{"embeddable":true,"href":"https:\/\/metodoformacion.com\/blog\/wp-json\/wp\/v2\/users\/1"}],"replies":[{"embeddable":true,"href":"https:\/\/metodoformacion.com\/blog\/wp-json\/wp\/v2\/comments?post=100"}],"version-history":[{"count":7,"href":"https:\/\/metodoformacion.com\/blog\/wp-json\/wp\/v2\/pages\/100\/revisions"}],"predecessor-version":[{"id":455,"href":"https:\/\/metodoformacion.com\/blog\/wp-json\/wp\/v2\/pages\/100\/revisions\/455"}],"wp:attachment":[{"href":"https:\/\/metodoformacion.com\/blog\/wp-json\/wp\/v2\/media?parent=100"}],"curies":[{"name":"wp","href":"https:\/\/api.w.org\/{rel}","templated":true}]}}