{"id":86,"date":"2019-11-27T16:18:27","date_gmt":"2019-11-27T16:18:27","guid":{"rendered":"https:\/\/metodoformacion.com\/blog\/?page_id=86"},"modified":"2019-12-05T11:35:35","modified_gmt":"2019-12-05T11:35:35","slug":"preguntas-frecuentes","status":"publish","type":"page","link":"https:\/\/metodoformacion.com\/blog\/preguntas-frecuentes\/","title":{"rendered":"Preguntas frecuentes"},"content":{"rendered":"<h1>GRUPO M\u00c9TODO<\/h1>\n<h2>Tu consultora de formaci\u00f3n, investigaci\u00f3n y desarrollos tecnol\u00f3gicos <\/h2>\n<h3>\u00bfQu\u00e9 tipo de formaci\u00f3n ofrecemos?<\/h3>\n<p>Nuestra formaci\u00f3n est\u00e1 destinada a todas aquellas personas que desean mejorar o ampliar su capacitaci\u00f3n profesional. Para ello, ofrecemos <strong>cursos por sectores profesionales<\/strong>. \u00bfQuieres ver nuestros cursos? Haz clic <a href=\"https:\/\/www.metodoformacion.com\" target=\"_blank\" rel=\"noopener noreferrer\">en este enlace<\/a>.<\/p>\n<p>\u00a0<\/p>\n<h3>La formaci\u00f3n, \u00bfes gratuita?<\/h3>\n<p><strong>S\u00ed.<\/strong> Nuestros cursos est\u00e1n 100% subvencionados, lo que se traduce en que la formaci\u00f3n es gratuita para ti. Adem\u00e1s, la formaci\u00f3n se dirige exclusivamente al trabajador, sin tener ninguna vinculaci\u00f3n con la empresa en la que trabaja.<\/p>\n<h3>\u00bfA qui\u00e9n va dirigida la formaci\u00f3n?<br \/><\/h3>\n<p>Prioritariamente a trabajadores en activo, por cuenta propia o por cuenta ajena. En nuestros cursos hay un porcentaje de plazas destinas a personas desempleadas. Recuerda que la formaci\u00f3n es sectorial.<\/p>\n<p>\u00a0<\/p>\n<h3>Y&#8230; \u00bfsi no pertenezco al sector?<\/h3>\n<p>Es imprescindible pertenecer al sector asignado a cada curso para acceder a la formaci\u00f3n. Si no perteneces al sector y te interesa un curso no podr\u00e1s realizarlo. Mira en tu sector, \u00a1seguro que hay alg\u00fan curso interesante para ti!<\/p>\n<p>\u00a0<\/p>\n<h3>\u00bfOfrec\u00e9is ayuda al alumnado?<\/h3>\n<p>Contar\u00e1s con el apoyo de un tutor, que llevar\u00e1 un seguimiento del curso, de forma individualizada, para garantizar el correcto aprovechamiento de la formaci\u00f3n. <\/p>\n<p><\/p>\n<h3>\u00bfC\u00f3mo me inscribo?<\/h3>\n<p>Puedes inscribirte a trav\u00e9s de nuestra web <a href=\"https:\/\/www.metodoformacion.com\" target=\"_blank\" rel=\"noopener noreferrer\">metodoformacion.com<\/a>. Tambi\u00e9n puedes llamarnos al tel\u00e9fono gratuito <img src=\"https:\/\/static.xx.fbcdn.net\/images\/emoji.php\/v9\/td8\/1\/16\/1f4f2.png\" alt=\"\ud83d\udcf2\" \/> 900812902 o enviarnos un correo a <img src=\"https:\/\/static.xx.fbcdn.net\/images\/emoji.php\/v9\/tc0\/1\/16\/1f4e9.png\" alt=\"\ud83d\udce9\" \/> inscripciones@metodogrupo.com<\/p>\n<p>\u00a0<\/p>\n","protected":false},"excerpt":{"rendered":"<p>GRUPO M\u00c9TODO Tu consultora de formaci\u00f3n, investigaci\u00f3n y desarrollos tecnol\u00f3gicos \u00bfQu\u00e9 tipo de formaci\u00f3n ofrecemos? Nuestra formaci\u00f3n est\u00e1 destinada a todas aquellas personas que desean mejorar o ampliar su capacitaci\u00f3n profesional. Para ello, ofrecemos cursos por sectores profesionales. \u00bfQuieres ver nuestros cursos? Haz clic en este enlace. \u00a0 La formaci\u00f3n, \u00bfes gratuita? S\u00ed. Nuestros cursos [&hellip;]<\/p>\n","protected":false},"author":2,"featured_media":0,"parent":0,"menu_order":0,"comment_status":"closed","ping_status":"closed","template":"","meta":{"_monsterinsights_skip_tracking":false,"_monsterinsights_sitenote_active":false,"_monsterinsights_sitenote_note":"","_monsterinsights_sitenote_category":0},"yoast_head":"<!-- This site is optimized with the Yoast SEO plugin v19.14 - https:\/\/yoast.com\/wordpress\/plugins\/seo\/ -->\n<title>Preguntas frecuentes | Blog sobre formaci\u00f3n subvencionada y empleo<\/title>\n<meta name=\"robots\" content=\"index, follow, max-snippet:-1, max-image-preview:large, max-video-preview:-1\" \/>\n<link rel=\"canonical\" href=\"https:\/\/metodoformacion.com\/blog\/preguntas-frecuentes\/\" \/>\n<meta property=\"og:locale\" content=\"es_ES\" \/>\n<meta property=\"og:type\" content=\"article\" \/>\n<meta property=\"og:title\" content=\"Preguntas frecuentes | Blog sobre formaci\u00f3n subvencionada y empleo\" \/>\n<meta property=\"og:description\" content=\"GRUPO M\u00c9TODO Tu consultora de formaci\u00f3n, investigaci\u00f3n y desarrollos tecnol\u00f3gicos \u00bfQu\u00e9 tipo de formaci\u00f3n ofrecemos? Nuestra formaci\u00f3n est\u00e1 destinada a todas aquellas personas que desean mejorar o ampliar su capacitaci\u00f3n profesional. Para ello, ofrecemos cursos por sectores profesionales. \u00bfQuieres ver nuestros cursos? Haz clic en este enlace. \u00a0 La formaci\u00f3n, \u00bfes gratuita? S\u00ed. Nuestros cursos [&hellip;]\" \/>\n<meta property=\"og:url\" content=\"https:\/\/metodoformacion.com\/blog\/preguntas-frecuentes\/\" \/>\n<meta property=\"og:site_name\" content=\"Blog sobre formaci\u00f3n subvencionada y empleo\" \/>\n<meta property=\"article:modified_time\" content=\"2019-12-05T11:35:35+00:00\" \/>\n<meta property=\"og:image\" content=\"https:\/\/static.xx.fbcdn.net\/images\/emoji.php\/v9\/td8\/1\/16\/1f4f2.png\" \/>\n<meta name=\"twitter:card\" content=\"summary_large_image\" \/>\n<meta name=\"twitter:label1\" content=\"Tiempo de lectura\" \/>\n\t<meta name=\"twitter:data1\" content=\"1 minuto\" \/>\n<script type=\"application\/ld+json\" class=\"yoast-schema-graph\">{\"@context\":\"https:\/\/schema.org\",\"@graph\":[{\"@type\":\"WebPage\",\"@id\":\"https:\/\/metodoformacion.com\/blog\/preguntas-frecuentes\/\",\"url\":\"https:\/\/metodoformacion.com\/blog\/preguntas-frecuentes\/\",\"name\":\"Preguntas frecuentes | Blog sobre formaci\u00f3n subvencionada y empleo\",\"isPartOf\":{\"@id\":\"https:\/\/metodoformacion.com\/blog\/#website\"},\"datePublished\":\"2019-11-27T16:18:27+00:00\",\"dateModified\":\"2019-12-05T11:35:35+00:00\",\"breadcrumb\":{\"@id\":\"https:\/\/metodoformacion.com\/blog\/preguntas-frecuentes\/#breadcrumb\"},\"inLanguage\":\"es\",\"potentialAction\":[{\"@type\":\"ReadAction\",\"target\":[\"https:\/\/metodoformacion.com\/blog\/preguntas-frecuentes\/\"]}]},{\"@type\":\"BreadcrumbList\",\"@id\":\"https:\/\/metodoformacion.com\/blog\/preguntas-frecuentes\/#breadcrumb\",\"itemListElement\":[{\"@type\":\"ListItem\",\"position\":1,\"name\":\"Inicio\",\"item\":\"https:\/\/metodoformacion.com\/blog\/\"},{\"@type\":\"ListItem\",\"position\":2,\"name\":\"Preguntas frecuentes\"}]},{\"@type\":\"WebSite\",\"@id\":\"https:\/\/metodoformacion.com\/blog\/#website\",\"url\":\"https:\/\/metodoformacion.com\/blog\/\",\"name\":\"Blog sobre formaci\u00f3n subvencionada y empleo\",\"description\":\"\",\"publisher\":{\"@id\":\"https:\/\/metodoformacion.com\/blog\/#organization\"},\"potentialAction\":[{\"@type\":\"SearchAction\",\"target\":{\"@type\":\"EntryPoint\",\"urlTemplate\":\"https:\/\/metodoformacion.com\/blog\/?s={search_term_string}\"},\"query-input\":\"required name=search_term_string\"}],\"inLanguage\":\"es\"},{\"@type\":\"Organization\",\"@id\":\"https:\/\/metodoformacion.com\/blog\/#organization\",\"name\":\"Grupo M\u00e9todo\",\"url\":\"https:\/\/metodoformacion.com\/blog\/\",\"logo\":{\"@type\":\"ImageObject\",\"inLanguage\":\"es\",\"@id\":\"https:\/\/metodoformacion.com\/blog\/#\/schema\/logo\/image\/\",\"url\":\"https:\/\/metodoformacion.com\/blog\/wp-content\/uploads\/2019\/12\/logo-transparente.png\",\"contentUrl\":\"https:\/\/metodoformacion.com\/blog\/wp-content\/uploads\/2019\/12\/logo-transparente.png\",\"width\":160,\"height\":70,\"caption\":\"Grupo M\u00e9todo\"},\"image\":{\"@id\":\"https:\/\/metodoformacion.com\/blog\/#\/schema\/logo\/image\/\"}}]}<\/script>\n<!-- \/ Yoast SEO plugin. -->","yoast_head_json":{"title":"Preguntas frecuentes | Blog sobre formaci\u00f3n subvencionada y empleo","robots":{"index":"index","follow":"follow","max-snippet":"max-snippet:-1","max-image-preview":"max-image-preview:large","max-video-preview":"max-video-preview:-1"},"canonical":"https:\/\/metodoformacion.com\/blog\/preguntas-frecuentes\/","og_locale":"es_ES","og_type":"article","og_title":"Preguntas frecuentes | Blog sobre formaci\u00f3n subvencionada y empleo","og_description":"GRUPO M\u00c9TODO Tu consultora de formaci\u00f3n, investigaci\u00f3n y desarrollos tecnol\u00f3gicos \u00bfQu\u00e9 tipo de formaci\u00f3n ofrecemos? Nuestra formaci\u00f3n est\u00e1 destinada a todas aquellas personas que desean mejorar o ampliar su capacitaci\u00f3n profesional. Para ello, ofrecemos cursos por sectores profesionales. \u00bfQuieres ver nuestros cursos? Haz clic en este enlace. \u00a0 La formaci\u00f3n, \u00bfes gratuita? S\u00ed. Nuestros cursos [&hellip;]","og_url":"https:\/\/metodoformacion.com\/blog\/preguntas-frecuentes\/","og_site_name":"Blog sobre formaci\u00f3n subvencionada y empleo","article_modified_time":"2019-12-05T11:35:35+00:00","og_image":[{"url":"https:\/\/static.xx.fbcdn.net\/images\/emoji.php\/v9\/td8\/1\/16\/1f4f2.png"}],"twitter_card":"summary_large_image","twitter_misc":{"Tiempo de lectura":"1 minuto"},"schema":{"@context":"https:\/\/schema.org","@graph":[{"@type":"WebPage","@id":"https:\/\/metodoformacion.com\/blog\/preguntas-frecuentes\/","url":"https:\/\/metodoformacion.com\/blog\/preguntas-frecuentes\/","name":"Preguntas frecuentes | Blog sobre formaci\u00f3n subvencionada y empleo","isPartOf":{"@id":"https:\/\/metodoformacion.com\/blog\/#website"},"datePublished":"2019-11-27T16:18:27+00:00","dateModified":"2019-12-05T11:35:35+00:00","breadcrumb":{"@id":"https:\/\/metodoformacion.com\/blog\/preguntas-frecuentes\/#breadcrumb"},"inLanguage":"es","potentialAction":[{"@type":"ReadAction","target":["https:\/\/metodoformacion.com\/blog\/preguntas-frecuentes\/"]}]},{"@type":"BreadcrumbList","@id":"https:\/\/metodoformacion.com\/blog\/preguntas-frecuentes\/#breadcrumb","itemListElement":[{"@type":"ListItem","position":1,"name":"Inicio","item":"https:\/\/metodoformacion.com\/blog\/"},{"@type":"ListItem","position":2,"name":"Preguntas frecuentes"}]},{"@type":"WebSite","@id":"https:\/\/metodoformacion.com\/blog\/#website","url":"https:\/\/metodoformacion.com\/blog\/","name":"Blog sobre formaci\u00f3n subvencionada y empleo","description":"","publisher":{"@id":"https:\/\/metodoformacion.com\/blog\/#organization"},"potentialAction":[{"@type":"SearchAction","target":{"@type":"EntryPoint","urlTemplate":"https:\/\/metodoformacion.com\/blog\/?s={search_term_string}"},"query-input":"required name=search_term_string"}],"inLanguage":"es"},{"@type":"Organization","@id":"https:\/\/metodoformacion.com\/blog\/#organization","name":"Grupo M\u00e9todo","url":"https:\/\/metodoformacion.com\/blog\/","logo":{"@type":"ImageObject","inLanguage":"es","@id":"https:\/\/metodoformacion.com\/blog\/#\/schema\/logo\/image\/","url":"https:\/\/metodoformacion.com\/blog\/wp-content\/uploads\/2019\/12\/logo-transparente.png","contentUrl":"https:\/\/metodoformacion.com\/blog\/wp-content\/uploads\/2019\/12\/logo-transparente.png","width":160,"height":70,"caption":"Grupo M\u00e9todo"},"image":{"@id":"https:\/\/metodoformacion.com\/blog\/#\/schema\/logo\/image\/"}}]}},"_links":{"self":[{"href":"https:\/\/metodoformacion.com\/blog\/wp-json\/wp\/v2\/pages\/86"}],"collection":[{"href":"https:\/\/metodoformacion.com\/blog\/wp-json\/wp\/v2\/pages"}],"about":[{"href":"https:\/\/metodoformacion.com\/blog\/wp-json\/wp\/v2\/types\/page"}],"author":[{"embeddable":true,"href":"https:\/\/metodoformacion.com\/blog\/wp-json\/wp\/v2\/users\/2"}],"replies":[{"embeddable":true,"href":"https:\/\/metodoformacion.com\/blog\/wp-json\/wp\/v2\/comments?post=86"}],"version-history":[{"count":41,"href":"https:\/\/metodoformacion.com\/blog\/wp-json\/wp\/v2\/pages\/86\/revisions"}],"predecessor-version":[{"id":413,"href":"https:\/\/metodoformacion.com\/blog\/wp-json\/wp\/v2\/pages\/86\/revisions\/413"}],"wp:attachment":[{"href":"https:\/\/metodoformacion.com\/blog\/wp-json\/wp\/v2\/media?parent=86"}],"curies":[{"name":"wp","href":"https:\/\/api.w.org\/{rel}","templated":true}]}}